{"id":3089,"date":"2022-12-09T16:59:10","date_gmt":"2022-12-09T12:59:10","guid":{"rendered":"https:\/\/new.turkeyvisas.com\/contact-us\/"},"modified":"2023-09-21T20:09:42","modified_gmt":"2023-09-21T16:09:42","slug":"%d8%a7%d8%aa%d8%b5%d9%84-%d8%a8%d9%86%d8%a7","status":"publish","type":"page","link":"https:\/\/visa-turkey-online.com\/ar\/%d8%a7%d8%aa%d8%b5%d9%84-%d8%a8%d9%86%d8%a7\/","title":{"rendered":"\u062a\u0648\u0627\u0635\u0644 \u0645\u0639\u0646\u0627"},"content":{"rendered":"\t\t<div data-elementor-type=\"wp-page\" data-elementor-id=\"3089\" class=\"elementor elementor-3089 elementor-2862\" data-elementor-post-type=\"page\">\n\t\t\t\t\t\t<section class=\"elementor-section elementor-top-section elementor-element elementor-element-2fedf622 elementor-section-content-middle elementor-section-boxed elementor-section-height-default elementor-section-height-default\" data-id=\"2fedf622\" data-element_type=\"section\">\n\t\t\t\t\t\t<div class=\"elementor-container elementor-column-gap-no\">\n\t\t\t\t\t<div class=\"elementor-column elementor-col-100 elementor-top-column elementor-element elementor-element-1862e86a\" data-id=\"1862e86a\" data-element_type=\"column\">\n\t\t\t<div class=\"elementor-widget-wrap elementor-element-populated\">\n\t\t\t\t\t\t<section class=\"elementor-section elementor-inner-section elementor-element elementor-element-50ce509 elementor-section-boxed elementor-section-height-default elementor-section-height-default\" data-id=\"50ce509\" data-element_type=\"section\">\n\t\t\t\t\t\t<div class=\"elementor-container elementor-column-gap-default\">\n\t\t\t\t\t<div class=\"elementor-column elementor-col-100 elementor-inner-column elementor-element elementor-element-5d0eed0\" data-id=\"5d0eed0\" data-element_type=\"column\">\n\t\t\t<div class=\"elementor-widget-wrap elementor-element-populated\">\n\t\t\t\t\t\t<div class=\"elementor-element elementor-element-614fe046 elementor-widget elementor-widget-heading\" data-id=\"614fe046\" data-element_type=\"widget\" data-widget_type=\"heading.default\">\n\t\t\t\t<div class=\"elementor-widget-container\">\n\t\t\t<style>\/*! elementor - v3.19.0 - 29-01-2024 *\/\n.elementor-heading-title{padding:0;margin:0;line-height:1}.elementor-widget-heading .elementor-heading-title[class*=elementor-size-]>a{color:inherit;font-size:inherit;line-height:inherit}.elementor-widget-heading .elementor-heading-title.elementor-size-small{font-size:15px}.elementor-widget-heading .elementor-heading-title.elementor-size-medium{font-size:19px}.elementor-widget-heading .elementor-heading-title.elementor-size-large{font-size:29px}.elementor-widget-heading .elementor-heading-title.elementor-size-xl{font-size:39px}.elementor-widget-heading .elementor-heading-title.elementor-size-xxl{font-size:59px}<\/style><h2 class=\"elementor-heading-title elementor-size-default\">\u0627\u062a\u0635\u0644 \u0628\u0646\u0627<\/h2>\t\t<\/div>\n\t\t\t\t<\/div>\n\t\t\t\t<div class=\"elementor-element elementor-element-0e8123c elementor-widget elementor-widget-heading\" data-id=\"0e8123c\" data-element_type=\"widget\" data-widget_type=\"heading.default\">\n\t\t\t\t<div class=\"elementor-widget-container\">\n\t\t\t<h2 class=\"elementor-heading-title elementor-size-default\">YOYO TRAVELS<\/h2>\t\t<\/div>\n\t\t\t\t<\/div>\n\t\t\t\t\t<\/div>\n\t\t<\/div>\n\t\t\t\t\t<\/div>\n\t\t<\/section>\n\t\t\t\t<section class=\"elementor-section elementor-inner-section elementor-element elementor-element-5ed61bdb elementor-section-content-middle elementor-section-boxed elementor-section-height-default elementor-section-height-default\" data-id=\"5ed61bdb\" data-element_type=\"section\">\n\t\t\t\t\t\t<div class=\"elementor-container elementor-column-gap-default\">\n\t\t\t\t\t<div class=\"elementor-column elementor-col-33 elementor-inner-column elementor-element elementor-element-5cbf8b54\" data-id=\"5cbf8b54\" data-element_type=\"column\">\n\t\t\t<div class=\"elementor-widget-wrap elementor-element-populated\">\n\t\t\t\t\t\t<div class=\"elementor-element elementor-element-32a7c22e elementor-widget elementor-widget-heading\" data-id=\"32a7c22e\" data-element_type=\"widget\" data-widget_type=\"heading.default\">\n\t\t\t\t<div class=\"elementor-widget-container\">\n\t\t\t<h3 class=\"elementor-heading-title elementor-size-default\">\u0631\u0642\u0645 \u0627\u0644\u0647\u0627\u062a\u0641<\/h3>\t\t<\/div>\n\t\t\t\t<\/div>\n\t\t\t\t<div class=\"elementor-element elementor-element-1c53e23a elementor-widget elementor-widget-text-editor\" data-id=\"1c53e23a\" data-element_type=\"widget\" data-widget_type=\"text-editor.default\">\n\t\t\t\t<div class=\"elementor-widget-container\">\n\t\t\t<style>\/*! elementor - v3.19.0 - 29-01-2024 *\/\n.elementor-widget-text-editor.elementor-drop-cap-view-stacked .elementor-drop-cap{background-color:#69727d;color:#fff}.elementor-widget-text-editor.elementor-drop-cap-view-framed .elementor-drop-cap{color:#69727d;border:3px solid;background-color:transparent}.elementor-widget-text-editor:not(.elementor-drop-cap-view-default) .elementor-drop-cap{margin-top:8px}.elementor-widget-text-editor:not(.elementor-drop-cap-view-default) .elementor-drop-cap-letter{width:1em;height:1em}.elementor-widget-text-editor .elementor-drop-cap{float:left;text-align:center;line-height:1;font-size:50px}.elementor-widget-text-editor .elementor-drop-cap-letter{display:inline-block}<\/style>\t\t\t\t<p>\u0627\u0644\u0645\u0643\u062a\u0628: <a href=\"tel:+97142995191\">+971 4 299 5191<\/a><br \/>\u0645\u0648\u0628\u0627\u064a\u0644: <a href=\"tel:+971523355222\">+971 52 335 5222<\/a><\/p>\t\t\t\t\t\t<\/div>\n\t\t\t\t<\/div>\n\t\t\t\t\t<\/div>\n\t\t<\/div>\n\t\t\t\t<div class=\"elementor-column elementor-col-33 elementor-inner-column elementor-element elementor-element-5bf9ef2d\" data-id=\"5bf9ef2d\" data-element_type=\"column\">\n\t\t\t<div class=\"elementor-widget-wrap elementor-element-populated\">\n\t\t\t\t\t\t<div class=\"elementor-element elementor-element-4c54658e elementor-widget elementor-widget-heading\" data-id=\"4c54658e\" data-element_type=\"widget\" data-widget_type=\"heading.default\">\n\t\t\t\t<div class=\"elementor-widget-container\">\n\t\t\t<h3 class=\"elementor-heading-title elementor-size-default\">\u0627\u0644\u0628\u0631\u064a\u062f \u0627\u0644\u0625\u0644\u0643\u062a\u0631\u0648\u0646\u064a<\/h3>\t\t<\/div>\n\t\t\t\t<\/div>\n\t\t\t\t<div class=\"elementor-element elementor-element-1d97c4db elementor-widget elementor-widget-text-editor\" data-id=\"1d97c4db\" data-element_type=\"widget\" data-widget_type=\"text-editor.default\">\n\t\t\t\t<div class=\"elementor-widget-container\">\n\t\t\t\t\t\t\t<p><a href=\"mailto:info@visa-turkey-online.com\">info@visa-turkey-online.com<\/a><\/p>\t\t\t\t\t\t<\/div>\n\t\t\t\t<\/div>\n\t\t\t\t\t<\/div>\n\t\t<\/div>\n\t\t\t\t<div class=\"elementor-column elementor-col-33 elementor-inner-column elementor-element elementor-element-4ec53acb\" data-id=\"4ec53acb\" data-element_type=\"column\">\n\t\t\t<div class=\"elementor-widget-wrap elementor-element-populated\">\n\t\t\t\t\t\t<div class=\"elementor-element elementor-element-1de50d7d elementor-widget elementor-widget-heading\" data-id=\"1de50d7d\" data-element_type=\"widget\" data-widget_type=\"heading.default\">\n\t\t\t\t<div class=\"elementor-widget-container\">\n\t\t\t<h3 class=\"elementor-heading-title elementor-size-default\">\u0627\u0644\u0639\u0646\u0648\u0627\u0646<\/h3>\t\t<\/div>\n\t\t\t\t<\/div>\n\t\t\t\t<div class=\"elementor-element elementor-element-824a0d5 elementor-widget elementor-widget-text-editor\" data-id=\"824a0d5\" data-element_type=\"widget\" data-widget_type=\"text-editor.default\">\n\t\t\t\t<div class=\"elementor-widget-container\">\n\t\t\t\t\t\t\t<p>\u0645\u0643\u062a\u0628 \u0631\u0642\u0645 601\u060c \u0627\u0644\u0637\u0627\u0628\u0642 \u0627\u0644\u0633\u0627\u062f\u0633\u060c \u0628\u0631\u062c \u0627\u0644\u062d\u0628\u062a\u0648\u0631 \u0644\u0644\u0623\u0639\u0645\u0627\u0644\u060c \u0635. \u0628. 215162\u060c<br \/>\u062f\u0628\u064a\u060c \u0627\u0644\u0625\u0645\u0627\u0631\u0627\u062a \u0627\u0644\u0639\u0631\u0628\u064a\u0629 \u0627\u0644\u0645\u062a\u062d\u062f\u0629<\/p>\t\t\t\t\t\t<\/div>\n\t\t\t\t<\/div>\n\t\t\t\t\t<\/div>\n\t\t<\/div>\n\t\t\t\t\t<\/div>\n\t\t<\/section>\n\t\t\t\t<div class=\"elementor-element elementor-element-36b6733 elementor-widget elementor-widget-google_maps\" data-id=\"36b6733\" data-element_type=\"widget\" data-widget_type=\"google_maps.default\">\n\t\t\t\t<div class=\"elementor-widget-container\">\n\t\t\t<style>\/*! elementor - v3.19.0 - 29-01-2024 *\/\n.elementor-widget-google_maps .elementor-widget-container{overflow:hidden}.elementor-widget-google_maps .elementor-custom-embed{line-height:0}.elementor-widget-google_maps iframe{height:300px}<\/style>\t\t<div class=\"elementor-custom-embed\">\n\t\t\t<iframe loading=\"lazy\"\n\t\t\t\t\tsrc=\"https:\/\/maps.google.com\/maps?q=Al%20Habtoor%20Business%20Tower%20Dubai%2C%20United%20Arab%20Emirates&#038;t=m&#038;z=11&#038;output=embed&#038;iwloc=near\"\n\t\t\t\t\ttitle=\"Al Habtoor Business Tower Dubai, United Arab Emirates\"\n\t\t\t\t\taria-label=\"Al Habtoor Business Tower Dubai, United Arab Emirates\"\n\t\t\t><\/iframe>\n\t\t<\/div>\n\t\t\t\t<\/div>\n\t\t\t\t<\/div>\n\t\t\t\t<div class=\"elementor-element elementor-element-380b2c6 elementor-widget elementor-widget-heading\" data-id=\"380b2c6\" data-element_type=\"widget\" data-widget_type=\"heading.default\">\n\t\t\t\t<div class=\"elementor-widget-container\">\n\t\t\t<h2 class=\"elementor-heading-title elementor-size-default\">YOYO TRAVELS TURIZM TICARET LIMITED SIRKETI<\/h2>\t\t<\/div>\n\t\t\t\t<\/div>\n\t\t\t\t<section class=\"elementor-section elementor-inner-section elementor-element elementor-element-68470ab elementor-section-content-middle elementor-section-boxed elementor-section-height-default elementor-section-height-default\" data-id=\"68470ab\" data-element_type=\"section\">\n\t\t\t\t\t\t<div class=\"elementor-container elementor-column-gap-default\">\n\t\t\t\t\t<div class=\"elementor-column elementor-col-33 elementor-inner-column elementor-element elementor-element-9ca0f2f\" data-id=\"9ca0f2f\" data-element_type=\"column\">\n\t\t\t<div class=\"elementor-widget-wrap elementor-element-populated\">\n\t\t\t\t\t\t<div class=\"elementor-element elementor-element-996cc3d elementor-widget elementor-widget-heading\" data-id=\"996cc3d\" data-element_type=\"widget\" data-widget_type=\"heading.default\">\n\t\t\t\t<div class=\"elementor-widget-container\">\n\t\t\t<h3 class=\"elementor-heading-title elementor-size-default\">\u0631\u0642\u0645 \u0627\u0644\u0647\u0627\u062a\u0641<\/h3>\t\t<\/div>\n\t\t\t\t<\/div>\n\t\t\t\t<div class=\"elementor-element elementor-element-90c515a elementor-widget elementor-widget-text-editor\" data-id=\"90c515a\" data-element_type=\"widget\" data-widget_type=\"text-editor.default\">\n\t\t\t\t<div class=\"elementor-widget-container\">\n\t\t\t\t\t\t\t\u0627\u0644\u0645\u0643\u062a\u0628: <a href=\"tel:+902123739629\">+90 212 373 9629<\/a>\t\t\t\t\t\t<\/div>\n\t\t\t\t<\/div>\n\t\t\t\t\t<\/div>\n\t\t<\/div>\n\t\t\t\t<div class=\"elementor-column elementor-col-33 elementor-inner-column elementor-element elementor-element-a8bb56b\" data-id=\"a8bb56b\" data-element_type=\"column\">\n\t\t\t<div class=\"elementor-widget-wrap elementor-element-populated\">\n\t\t\t\t\t\t<div class=\"elementor-element elementor-element-f71eb77 elementor-widget elementor-widget-heading\" data-id=\"f71eb77\" data-element_type=\"widget\" data-widget_type=\"heading.default\">\n\t\t\t\t<div class=\"elementor-widget-container\">\n\t\t\t<h3 class=\"elementor-heading-title elementor-size-default\">\u0627\u0644\u0628\u0631\u064a\u062f \u0627\u0644\u0625\u0644\u0643\u062a\u0631\u0648\u0646\u064a<\/h3>\t\t<\/div>\n\t\t\t\t<\/div>\n\t\t\t\t<div class=\"elementor-element elementor-element-9049c42 elementor-widget elementor-widget-text-editor\" data-id=\"9049c42\" data-element_type=\"widget\" data-widget_type=\"text-editor.default\">\n\t\t\t\t<div class=\"elementor-widget-container\">\n\t\t\t\t\t\t\t<p><a href=\"mailto:info@visa-turkey-online.com\">info@visa-turkey-online.com<\/a><\/p>\t\t\t\t\t\t<\/div>\n\t\t\t\t<\/div>\n\t\t\t\t\t<\/div>\n\t\t<\/div>\n\t\t\t\t<div class=\"elementor-column elementor-col-33 elementor-inner-column elementor-element elementor-element-8b5bc70\" data-id=\"8b5bc70\" data-element_type=\"column\">\n\t\t\t<div class=\"elementor-widget-wrap elementor-element-populated\">\n\t\t\t\t\t\t<div class=\"elementor-element elementor-element-02f41bf elementor-widget elementor-widget-heading\" data-id=\"02f41bf\" data-element_type=\"widget\" data-widget_type=\"heading.default\">\n\t\t\t\t<div class=\"elementor-widget-container\">\n\t\t\t<h3 class=\"elementor-heading-title elementor-size-default\">\u0627\u0644\u0639\u0646\u0648\u0627\u0646<\/h3>\t\t<\/div>\n\t\t\t\t<\/div>\n\t\t\t\t<div class=\"elementor-element elementor-element-fe20cc1 elementor-widget elementor-widget-text-editor\" data-id=\"fe20cc1\" data-element_type=\"widget\" data-widget_type=\"text-editor.default\">\n\t\t\t\t<div class=\"elementor-widget-container\">\n\t\t\t\t\t\t\t15 \u0634\u0627\u0631\u0639 \u0639\u0628\u062f\u064a \u0625\u064a\u0628\u0643\u062c\u064a \u0627\u0644\u0628\u0633\u062a\u0627\u0646\u060c \u0627\u0644\u0637\u0627\u0628\u0642 5 &amp; 6 \u0645\u0628\u0646\u0649 \u0644\u0648\u064a\u0633 \u0641\u064a\u062a\u0648\u0646\u060c \u0646\u064a\u0634\u0627\u0646\u062a\u0634\u064a\u060c \u0634\u064a\u0634\u0644\u064a\u060c <span class=\"break-address\">\u0627\u0633\u0637\u0646\u0628\u0648\u0644\u060c \u062a\u0631\u0643\u064a\u0627 <\/span>\t\t\t\t\t\t<\/div>\n\t\t\t\t<\/div>\n\t\t\t\t\t<\/div>\n\t\t<\/div>\n\t\t\t\t\t<\/div>\n\t\t<\/section>\n\t\t\t\t<div class=\"elementor-element elementor-element-712618e elementor-widget elementor-widget-google_maps\" data-id=\"712618e\" data-element_type=\"widget\" data-widget_type=\"google_maps.default\">\n\t\t\t\t<div class=\"elementor-widget-container\">\n\t\t\t\t\t<div class=\"elementor-custom-embed\">\n\t\t\t<iframe loading=\"lazy\"\n\t\t\t\t\tsrc=\"https:\/\/maps.google.com\/maps?q=Louis%20Vuitton%20Orjin%20Building%20Ni%C5%9Fanta%C5%9F%C4%B1%20%C5%9Ei%C5%9Fli&#038;t=m&#038;z=11&#038;output=embed&#038;iwloc=near\"\n\t\t\t\t\ttitle=\"Louis Vuitton Orjin Building Ni\u015fanta\u015f\u0131 \u015ei\u015fli\"\n\t\t\t\t\taria-label=\"Louis Vuitton Orjin Building Ni\u015fanta\u015f\u0131 \u015ei\u015fli\"\n\t\t\t><\/iframe>\n\t\t<\/div>\n\t\t\t\t<\/div>\n\t\t\t\t<\/div>\n\t\t\t\t\t<\/div>\n\t\t<\/div>\n\t\t\t\t\t<\/div>\n\t\t<\/section>\n\t\t\t\t<\/div>\n\t\t","protected":false},"excerpt":{"rendered":"<p>\u0627\u062a\u0635\u0644 \u0628\u0646\u0627 YOYO TRAVELS \u0631\u0642\u0645 \u0627\u0644\u0647\u0627\u062a\u0641 \u0627\u0644\u0645\u0643\u062a\u0628: +971 4 299 5191\u0645\u0648\u0628\u0627\u064a\u0644: +971 52 335 5222 \u0627\u0644\u0628\u0631\u064a\u062f \u0627\u0644\u0625\u0644\u0643\u062a\u0631\u0648\u0646\u064a info@visa-turkey-online.com \u0627\u0644\u0639\u0646\u0648\u0627\u0646 \u0645\u0643\u062a\u0628 \u0631\u0642\u0645 601\u060c \u0627\u0644\u0637\u0627\u0628\u0642 \u0627\u0644\u0633\u0627\u062f\u0633\u060c \u0628\u0631\u062c \u0627\u0644\u062d\u0628\u062a\u0648\u0631 \u0644\u0644\u0623\u0639\u0645\u0627\u0644\u060c \u0635. \u0628. 215162\u060c\u062f\u0628\u064a\u060c \u0627\u0644\u0625\u0645\u0627\u0631\u0627\u062a \u0627\u0644\u0639\u0631\u0628\u064a\u0629 \u0627\u0644\u0645\u062a\u062d\u062f\u0629 YOYO TRAVELS TURIZM TICARET LIMITED SIRKETI \u0631\u0642\u0645 \u0627\u0644\u0647\u0627\u062a\u0641 \u0627\u0644\u0645\u0643\u062a\u0628: +90 212 373 9629 \u0627\u0644\u0628\u0631\u064a\u062f \u0627\u0644\u0625\u0644\u0643\u062a\u0631\u0648\u0646\u064a info@visa-turkey-online.com \u0627\u0644\u0639\u0646\u0648\u0627\u0646 15 \u0634\u0627\u0631\u0639 \u0639\u0628\u062f\u064a \u0625\u064a\u0628\u0643\u062c\u064a \u0627\u0644\u0628\u0633\u062a\u0627\u0646\u060c [&hellip;]<\/p>\n","protected":false},"author":1,"featured_media":0,"parent":0,"menu_order":0,"comment_status":"closed","ping_status":"closed","template":"","meta":{"footnotes":""},"_links":{"self":[{"href":"https:\/\/visa-turkey-online.com\/ar\/wp-json\/wp\/v2\/pages\/3089"}],"collection":[{"href":"https:\/\/visa-turkey-online.com\/ar\/wp-json\/wp\/v2\/pages"}],"about":[{"href":"https:\/\/visa-turkey-online.com\/ar\/wp-json\/wp\/v2\/types\/page"}],"author":[{"embeddable":true,"href":"https:\/\/visa-turkey-online.com\/ar\/wp-json\/wp\/v2\/users\/1"}],"replies":[{"embeddable":true,"href":"https:\/\/visa-turkey-online.com\/ar\/wp-json\/wp\/v2\/comments?post=3089"}],"version-history":[{"count":36,"href":"https:\/\/visa-turkey-online.com\/ar\/wp-json\/wp\/v2\/pages\/3089\/revisions"}],"predecessor-version":[{"id":6035,"href":"https:\/\/visa-turkey-online.com\/ar\/wp-json\/wp\/v2\/pages\/3089\/revisions\/6035"}],"wp:attachment":[{"href":"https:\/\/visa-turkey-online.com\/ar\/wp-json\/wp\/v2\/media?parent=3089"}],"curies":[{"name":"wp","href":"https:\/\/api.w.org\/{rel}","templated":true}]}}